{"id":21,"date":"2021-02-17T14:34:09","date_gmt":"2021-02-17T17:34:09","guid":{"rendered":"https:\/\/mecanotec.com.br\/novo\/?page_id=21"},"modified":"2021-05-26T09:54:23","modified_gmt":"2021-05-26T12:54:23","slug":"a-empresa","status":"publish","type":"page","link":"https:\/\/mecanotec.com.br\/novo\/a-empresa\/","title":{"rendered":"A Mecanotec"},"content":{"rendered":"<p>[et_pb_section fb_built=&#8221;1&#8243; _builder_version=&#8221;4.9.4&#8243; _module_preset=&#8221;default&#8221; background_image=&#8221;https:\/\/mecanotec.com.br\/novo\/wp-content\/uploads\/2021\/05\/PLANO-DE-FUNDO-MECANOTEC.jpg&#8221; hover_enabled=&#8221;0&#8243; title_text=&#8221;PLANO DE FUNDO MECANOTEC&#8221; sticky_enabled=&#8221;0&#8243;][et_pb_row _builder_version=&#8221;4.9.0&#8243; _module_preset=&#8221;default&#8221;][et_pb_column type=&#8221;4_4&#8243; _builder_version=&#8221;4.9.0&#8243; _module_preset=&#8221;default&#8221;][et_pb_text _builder_version=&#8221;4.9.4&#8243; _module_preset=&#8221;default&#8221; header_text_color=&#8221;#FFFFFF&#8221; header_font_tablet=&#8221;&#8221; header_font_phone=&#8221;&#8221; header_font_last_edited=&#8221;on|phone&#8221; header_text_shadow_style=&#8221;preset3&#8243; header_text_shadow_color=&#8221;#ffffff&#8221;]<\/p>\n<h1 style=\"text-align: center;\"><span style=\"color: #000000;\"><strong>A MECANOTEC<\/strong><\/span><\/h1>\n<p>[\/et_pb_text][\/et_pb_column][\/et_pb_row][\/et_pb_section][et_pb_section fb_built=&#8221;1&#8243; _builder_version=&#8221;4.9.0&#8243; _module_preset=&#8221;default&#8221;][et_pb_row column_structure=&#8221;1_2,1_2&#8243; _builder_version=&#8221;4.9.0&#8243; _module_preset=&#8221;default&#8221;][et_pb_column type=&#8221;1_2&#8243; _builder_version=&#8221;4.9.0&#8243; _module_preset=&#8221;default&#8221;][et_pb_text _builder_version=&#8221;4.9.0&#8243; _module_preset=&#8221;default&#8221; header_text_color=&#8221;#f7a816&#8243; header_font_size_tablet=&#8221;&#8221; header_font_size_phone=&#8221;&#8221; header_font_size_last_edited=&#8221;on|desktop&#8221;]<\/p>\n<h1>A EMPRESA<\/h1>\n<p>[\/et_pb_text][et_pb_text _builder_version=&#8221;4.9.4&#8243; _module_preset=&#8221;default&#8221; text_font_size=&#8221;16px&#8221;]<\/p>\n<p style=\"text-align: justify;\">Fundada h\u00e1 mais de 27 anos por Biagio Ventriglia &#8220;in memoriam&#8221;, a <strong>MECANOTEC<\/strong> iniciou seus trabalhos em 1994 tendo como seu principal cliente a empresa Texima S\/A Ind\u00fastria de M\u00e1quinas. Ao longo dos anos adquirimos grande experi\u00eancia em fabrica\u00e7\u00e3o de pe\u00e7as de reposi\u00e7\u00e3o para Ramas.<\/p>\n<p style=\"text-align: justify;\">Ap\u00f3s o fechamento da empresa Texima, indentificamos\u00a0 a car\u00eancia de ind\u00fastrias capazes de fabricar m\u00e1quinas e equipamentos que possam atender e suprir as necessidades da ind\u00fastria t\u00eaxtil.<\/p>\n<p style=\"text-align: justify;\">Desde ent\u00e3o, temos orgulho e satisfa\u00e7\u00e3o de anunciar que somos o \u00fanico fabricante de Ramas do Brasil com desenvolvimento e fabrica\u00e7\u00e3o de 100% dos componentes em territ\u00f3rio nacional, focados em alta tecnologia, projetos totalmente adaptados para o atual cen\u00e1rio da ind\u00fastria nacional, agregando alta efici\u00eancia e \u00f3timo valor de venda, ou seja, o melhor custo benef\u00edcio do mercado.<\/p>\n<p>&nbsp;<\/p>\n<p>[\/et_pb_text][\/et_pb_column][et_pb_column type=&#8221;1_2&#8243; _builder_version=&#8221;4.9.0&#8243; _module_preset=&#8221;default&#8221;][et_pb_image src=&#8221;https:\/\/mecanotec.com.br\/novo\/wp-content\/uploads\/2021\/05\/Fachada-Mecanotec-2.png&#8221; title_text=&#8221;Fachada Mecanotec&#8221; _builder_version=&#8221;4.9.4&#8243; _module_preset=&#8221;default&#8221; box_shadow_style=&#8221;preset4&#8243; box_shadow_color=&#8221;#E09900&#8243;][\/et_pb_image][\/et_pb_column][\/et_pb_row][et_pb_row _builder_version=&#8221;4.9.0&#8243; _module_preset=&#8221;default&#8221;][et_pb_column type=&#8221;4_4&#8243; _builder_version=&#8221;4.9.0&#8243; _module_preset=&#8221;default&#8221;][et_pb_code _builder_version=&#8221;4.9.0&#8243; _module_preset=&#8221;default&#8221;]<\/p>\n<hr>\n<p>[\/et_pb_code][\/et_pb_column][\/et_pb_row][et_pb_row column_structure=&#8221;1_2,1_2&#8243; _builder_version=&#8221;4.9.0&#8243; _module_preset=&#8221;default&#8221;][et_pb_column type=&#8221;1_2&#8243; _builder_version=&#8221;4.9.0&#8243; _module_preset=&#8221;default&#8221;][et_pb_image src=&#8221;https:\/\/mecanotec.com.br\/novo\/wp-content\/uploads\/2021\/05\/3d-laser-cutting-1.jpg&#8221; title_text=&#8221;3d-laser-cutting-1&#8243; _builder_version=&#8221;4.9.4&#8243; _module_preset=&#8221;default&#8221; box_shadow_style=&#8221;preset4&#8243; box_shadow_color=&#8221;#E09900&#8243;][\/et_pb_image][\/et_pb_column][et_pb_column type=&#8221;1_2&#8243; _builder_version=&#8221;4.9.0&#8243; _module_preset=&#8221;default&#8221;][et_pb_text _builder_version=&#8221;4.9.0&#8243; _module_preset=&#8221;default&#8221; header_text_color=&#8221;#f7a816&#8243; header_font_size_tablet=&#8221;&#8221; header_font_size_phone=&#8221;&#8221; header_font_size_last_edited=&#8221;on|desktop&#8221;]<\/p>\n<h1>TECNOLOGIA ESPECIALIZADA<\/h1>\n<p>[\/et_pb_text][et_pb_text _builder_version=&#8221;4.9.4&#8243; _module_preset=&#8221;default&#8221; text_font_size=&#8221;16px&#8221;]<\/p>\n<p style=\"text-align: justify;\">Em constante desenvolvimento e crescimento, a <strong>MECANOTEC<\/strong> se preocupa cada vez mais com seus clientes em entregar produtos diferenciados com qualidade inigual\u00e1vel.<\/p>\n<p style=\"text-align: justify;\">Para isso, seguimos com muito\u00a0 rigor todos os processos de fabrica\u00e7\u00e3o baseados em projetos originais Texima, desde a compra do material at\u00e9 o produto acabado.<\/p>\n<p style=\"text-align: justify;\">Nos \u00faltimos anos, a <strong>MECANOTEC<\/strong> vem modernizando seu parque fabril com m\u00e1quinas e equipamentos da mais alta tecnologia, levando para os nossos clientes, pe\u00e7as cada vez mais dur\u00e1veis.<\/p>\n<p>[\/et_pb_text][\/et_pb_column][\/et_pb_row][et_pb_row _builder_version=&#8221;4.9.0&#8243; _module_preset=&#8221;default&#8221;][et_pb_column type=&#8221;4_4&#8243; _builder_version=&#8221;4.9.0&#8243; _module_preset=&#8221;default&#8221;][et_pb_code _builder_version=&#8221;4.9.0&#8243; _module_preset=&#8221;default&#8221;]<\/p>\n<hr>\n<p>[\/et_pb_code][\/et_pb_column][\/et_pb_row][et_pb_row column_structure=&#8221;1_2,1_2&#8243; _builder_version=&#8221;4.9.0&#8243; _module_preset=&#8221;default&#8221;][et_pb_column type=&#8221;1_2&#8243; _builder_version=&#8221;4.9.0&#8243; _module_preset=&#8221;default&#8221;][et_pb_text _builder_version=&#8221;4.9.0&#8243; _module_preset=&#8221;default&#8221; header_text_color=&#8221;#f7a816&#8243; header_font_size_tablet=&#8221;&#8221; header_font_size_phone=&#8221;&#8221; header_font_size_last_edited=&#8221;on|desktop&#8221;]<\/p>\n<h1>EQUIPE QUALIFICADA<\/h1>\n<p>[\/et_pb_text][et_pb_text _builder_version=&#8221;4.9.4&#8243; _module_preset=&#8221;default&#8221; text_font_size=&#8221;16px&#8221;]<\/p>\n<p style=\"text-align: justify;\"><span>Formada por profissionais experientes, estamos sempre buscando novos conhecimentos. \u00c9 por isso que a <strong>MECANOTEC<\/strong> investe na qualifica\u00e7\u00e3o permanente de seus colaboradores, formada por engenheiros, t\u00e9cnicos, mec\u00e2nicos e eletricistas, aptos a atender uma ampla variedade de servi\u00e7os. S\u00e3o funcion\u00e1rios capacitados para desenvolver solu\u00e7\u00f5es eficazes dentro dos mais altos padr\u00f5es de qualidade.<\/span><\/p>\n<p>[\/et_pb_text][\/et_pb_column][et_pb_column type=&#8221;1_2&#8243; _builder_version=&#8221;4.9.0&#8243; _module_preset=&#8221;default&#8221;][et_pb_image src=&#8221;https:\/\/mecanotec.com.br\/novo\/wp-content\/uploads\/2021\/05\/Engenharia-de-manutencao.jpg&#8221; title_text=&#8221;Engenharia-de-manuten\u00e7\u00e3o&#8221; _builder_version=&#8221;4.9.4&#8243; _module_preset=&#8221;default&#8221; box_shadow_style=&#8221;preset4&#8243; box_shadow_color=&#8221;#E09900&#8243;][\/et_pb_image][\/et_pb_column][\/et_pb_row][\/et_pb_section][et_pb_section fb_built=&#8221;1&#8243; _builder_version=&#8221;4.9.0&#8243; _module_preset=&#8221;default&#8221; background_color=&#8221;#f7a816&#8243; global_module=&#8221;124&#8243; saved_tabs=&#8221;all&#8221;][et_pb_row _builder_version=&#8221;4.9.0&#8243; _module_preset=&#8221;default&#8221;][et_pb_column type=&#8221;4_4&#8243; _builder_version=&#8221;4.9.0&#8243; _module_preset=&#8221;default&#8221;][et_pb_cta title=&#8221;Conhe\u00e7a a Mecanotec&#8221; button_url=&#8221;@ET-DC@eyJkeW5hbWljIjp0cnVlLCJjb250ZW50IjoicG9zdF9saW5rX3VybF9wYWdlIiwic2V0dGluZ3MiOnsicG9zdF9pZCI6IjI5In19@&#8221; button_text=&#8221;Contrate Nossos Sevi\u00e7os&#8221; _builder_version=&#8221;4.9.4&#8243; _dynamic_attributes=&#8221;button_url&#8221; _module_preset=&#8221;default&#8221; header_font_size=&#8221;37px&#8221; body_font_size=&#8221;16px&#8221;][\/et_pb_cta][\/et_pb_column][\/et_pb_row][\/et_pb_section][et_pb_section fb_built=&#8221;1&#8243; _builder_version=&#8221;4.9.0&#8243; _module_preset=&#8221;default&#8221; global_module=&#8221;125&#8243; saved_tabs=&#8221;all&#8221;][et_pb_row _builder_version=&#8221;4.9.0&#8243; _module_preset=&#8221;default&#8221;][et_pb_column type=&#8221;4_4&#8243; _builder_version=&#8221;4.9.0&#8243; _module_preset=&#8221;default&#8221;][et_pb_social_media_follow use_icon_font_size=&#8221;on&#8221; icon_font_size=&#8221;26px&#8221; _builder_version=&#8221;4.9.4&#8243; _module_preset=&#8221;default&#8221; text_orientation=&#8221;center&#8221;][et_pb_social_media_follow_network social_network=&#8221;facebook&#8221; url=&#8221;https:\/\/pt-br.facebook.com\/mecanotecnica\/&#8221; icon_color=&#8221;#E09900&#8243; use_icon_font_size=&#8221;on&#8221; _builder_version=&#8221;4.9.4&#8243; _module_preset=&#8221;default&#8221; background_color=&#8221;RGBA(0,0,0,0)&#8221; background_enable_color=&#8221;on&#8221; border_radii=&#8221;on|5px|5px|5px|5px&#8221; border_width_all=&#8221;1px&#8221; border_color_all=&#8221;#E09900&#8243; follow_button=&#8221;off&#8221; url_new_window=&#8221;on&#8221;]facebook[\/et_pb_social_media_follow_network][et_pb_social_media_follow_network social_network=&#8221;instagram&#8221; url=&#8221;https:\/\/www.instagram.com\/mecanotecmaquinas\/&#8221; icon_color=&#8221;#E09900&#8243; use_icon_font_size=&#8221;on&#8221; _builder_version=&#8221;4.9.4&#8243; _module_preset=&#8221;default&#8221; background_color=&#8221;RGBA(0,0,0,0)&#8221; background_enable_color=&#8221;on&#8221; border_radii=&#8221;on|5px|5px|5px|5px&#8221; border_width_all=&#8221;1px&#8221; border_color_all=&#8221;#E09900&#8243; follow_button=&#8221;off&#8221; url_new_window=&#8221;on&#8221;]instagram[\/et_pb_social_media_follow_network][et_pb_social_media_follow_network social_network=&#8221;youtube&#8221; url=&#8221;https:\/\/www.youtube.com\/channel\/UC8JAds9TtADzlDXmqHzQIEg&#8221; icon_color=&#8221;#E09900&#8243; use_icon_font_size=&#8221;on&#8221; _builder_version=&#8221;4.9.4&#8243; _module_preset=&#8221;default&#8221; background_color=&#8221;RGBA(0,0,0,0)&#8221; background_enable_color=&#8221;on&#8221; border_radii=&#8221;on|5px|5px|5px|5px&#8221; border_width_all=&#8221;1px&#8221; border_color_all=&#8221;#E09900&#8243; follow_button=&#8221;off&#8221; url_new_window=&#8221;on&#8221;]youtube[\/et_pb_social_media_follow_network][et_pb_social_media_follow_network social_network=&#8221;linkedin&#8221; icon_color=&#8221;#E09900&#8243; use_icon_font_size=&#8221;on&#8221; _builder_version=&#8221;4.9.0&#8243; _module_preset=&#8221;default&#8221; background_color=&#8221;RGBA(0,0,0,0)&#8221; background_enable_color=&#8221;on&#8221; border_radii=&#8221;on|5px|5px|5px|5px&#8221; border_width_all=&#8221;1px&#8221; border_color_all=&#8221;#E09900&#8243; follow_button=&#8221;off&#8221; url_new_window=&#8221;on&#8221;]linkedin[\/et_pb_social_media_follow_network][\/et_pb_social_media_follow][\/et_pb_column][\/et_pb_row][\/et_pb_section]<\/p>\n","protected":false},"excerpt":{"rendered":"<p>A MECANOTECA EMPRESAFundada h\u00e1 mais de 27 anos por Biagio Ventriglia &#8220;in memoriam&#8221;, a MECANOTEC iniciou seus trabalhos em 1994 tendo como seu principal cliente a empresa Texima S\/A Ind\u00fastria de M\u00e1quinas. Ao longo dos anos adquirimos grande experi\u00eancia em fabrica\u00e7\u00e3o de pe\u00e7as de reposi\u00e7\u00e3o para Ramas. Ap\u00f3s o fechamento da empresa Texima, indentificamos\u00a0 a [&hellip;]<\/p>\n","protected":false},"author":1,"featured_media":0,"parent":0,"menu_order":0,"comment_status":"closed","ping_status":"closed","template":"","meta":{"_et_pb_use_builder":"on","_et_pb_old_content":"","_et_gb_content_width":"","_joinchat":[],"footnotes":""},"_links":{"self":[{"href":"https:\/\/mecanotec.com.br\/novo\/wp-json\/wp\/v2\/pages\/21"}],"collection":[{"href":"https:\/\/mecanotec.com.br\/novo\/wp-json\/wp\/v2\/pages"}],"about":[{"href":"https:\/\/mecanotec.com.br\/novo\/wp-json\/wp\/v2\/types\/page"}],"author":[{"embeddable":true,"href":"https:\/\/mecanotec.com.br\/novo\/wp-json\/wp\/v2\/users\/1"}],"replies":[{"embeddable":true,"href":"https:\/\/mecanotec.com.br\/novo\/wp-json\/wp\/v2\/comments?post=21"}],"version-history":[{"count":22,"href":"https:\/\/mecanotec.com.br\/novo\/wp-json\/wp\/v2\/pages\/21\/revisions"}],"predecessor-version":[{"id":446,"href":"https:\/\/mecanotec.com.br\/novo\/wp-json\/wp\/v2\/pages\/21\/revisions\/446"}],"wp:attachment":[{"href":"https:\/\/mecanotec.com.br\/novo\/wp-json\/wp\/v2\/media?parent=21"}],"curies":[{"name":"wp","href":"https:\/\/api.w.org\/{rel}","templated":true}]}}